{"id":961,"date":"2021-05-03T23:43:16","date_gmt":"2021-05-04T02:43:16","guid":{"rendered":"https:\/\/healthyoriginsbrasil.com.br\/loja\/?post_type=product&#038;p=961"},"modified":"2023-12-05T08:22:13","modified_gmt":"2023-12-05T11:22:13","slug":"acido-alfa-lipoico-600mg-60-cps","status":"publish","type":"product","link":"https:\/\/healthyoriginsbrasil.com.br\/loja\/produto\/acido-alfa-lipoico-600mg-60-cps\/","title":{"rendered":"\u00c1CIDO ALFA LIPOICO 600mg 60 Cps"},"content":{"rendered":"<p>60 C\u00e1psulas<\/p>\n","protected":false},"excerpt":{"rendered":"<p><strong><em>Ben\u00e9fico para o metabolismo saud\u00e1vel da glicose.<\/em><\/strong><\/p>\n<p>O \u00c1cido Alfa Lipoico Healthy Origins\u00ae \u00e9 um poderoso antioxidante que funciona sinergicamente com outros<br \/>\nantioxidantes como a vitamina E, Vitamina C e glutationa. *<\/p>\n<p><em>Composi\u00e7\u00e3o: Gelatina (c\u00e1psula), celulose microcristalina e magn\u00e9sio estearato.<br \/>\nN\u00e3o fabricado com trigo, gl\u00faten, soja, leite, derivado de ovo, peixe, marisco, amendoim ou nozes.<\/em><\/p>\n<p><strong><em>Estas declara\u00e7\u00f5es n\u00e3o foram avaliadas pela Food and Drug Administration.<br \/>\nEste produto n\u00e3o se destina a diagnosticar, tratar, curar ou prevenir qualquer doen\u00e7a.<\/em><\/strong><\/p>\n","protected":false},"featured_media":962,"template":"","meta":[],"_links":{"self":[{"href":"https:\/\/healthyoriginsbrasil.com.br\/loja\/wp-json\/wp\/v2\/product\/961"}],"collection":[{"href":"https:\/\/healthyoriginsbrasil.com.br\/loja\/wp-json\/wp\/v2\/product"}],"about":[{"href":"https:\/\/healthyoriginsbrasil.com.br\/loja\/wp-json\/wp\/v2\/types\/product"}],"wp:featuredmedia":[{"embeddable":true,"href":"https:\/\/healthyoriginsbrasil.com.br\/loja\/wp-json\/wp\/v2\/media\/962"}],"wp:attachment":[{"href":"https:\/\/healthyoriginsbrasil.com.br\/loja\/wp-json\/wp\/v2\/media?parent=961"}],"curies":[{"name":"wp","href":"https:\/\/api.w.org\/{rel}","templated":true}]}}