{"id":959,"date":"2021-05-03T23:39:41","date_gmt":"2021-05-04T02:39:41","guid":{"rendered":"https:\/\/healthyoriginsbrasil.com.br\/loja\/?post_type=product&#038;p=959"},"modified":"2024-10-07T08:31:21","modified_gmt":"2024-10-07T11:31:21","slug":"vitamina-c-1-000mg-360-cps","status":"publish","type":"product","link":"https:\/\/healthyoriginsbrasil.com.br\/loja\/produto\/vitamina-c-1-000mg-360-cps\/","title":{"rendered":"VITAMINA C 1.000mg 360 Cps"},"content":{"rendered":"<p>360 C\u00e1psulas<\/p>\n","protected":false},"excerpt":{"rendered":"<p><strong><em>Ben\u00e9fico para a sa\u00fade imunol\u00f3gica, sa\u00fade da pele e fun\u00e7\u00e3o celular.<\/em><\/strong><\/p>\n<p>A vitamina C Healthy Origins\u00ae High Potency cont\u00e9m IP non-GMO \u00e1cido L-asc\u00f3rbico testado. Vitamina<br \/>\nC \u00e9 um antioxidante sol\u00favel em \u00e1gua requerido para a bioss\u00edntese de L-carnitina, col\u00e1geno e norepinefrina. Quantidades de pesquisa ao longo de d\u00e9cadas de uso cl\u00ednico confirmou seu papel ben\u00e9fico no suporte ao sistema imunol\u00f3gico sistema, col\u00e1geno, fun\u00e7\u00e3o celular e elimina\u00e7\u00e3o de radicais livres.<\/p>\n<p><em>Composi\u00e7\u00e3o: Celulose microcristalina, \u00c1cido Este\u00e1rico, Croscarmelose S\u00f3dica, Hipromelose, Estearato de magn\u00e9sio, Sil\u00edcio, Di\u00f3xido, Glicerina.<br \/>\nN\u00e3o fabricado com trigo, gl\u00faten, soja, leite, derivado de ovo, peixe, marisco, amendoim ou nozes.<\/em><\/p>\n<p><strong><em>Estas declara\u00e7\u00f5es n\u00e3o foram avaliadas pela Food and Drug Administration.<br \/>\nEste produto n\u00e3o se destina a diagnosticar, tratar, curar ou prevenir qualquer doen\u00e7a.<\/em><\/strong><\/p>\n","protected":false},"featured_media":960,"template":"","meta":[],"_links":{"self":[{"href":"https:\/\/healthyoriginsbrasil.com.br\/loja\/wp-json\/wp\/v2\/product\/959"}],"collection":[{"href":"https:\/\/healthyoriginsbrasil.com.br\/loja\/wp-json\/wp\/v2\/product"}],"about":[{"href":"https:\/\/healthyoriginsbrasil.com.br\/loja\/wp-json\/wp\/v2\/types\/product"}],"wp:featuredmedia":[{"embeddable":true,"href":"https:\/\/healthyoriginsbrasil.com.br\/loja\/wp-json\/wp\/v2\/media\/960"}],"wp:attachment":[{"href":"https:\/\/healthyoriginsbrasil.com.br\/loja\/wp-json\/wp\/v2\/media?parent=959"}],"curies":[{"name":"wp","href":"https:\/\/api.w.org\/{rel}","templated":true}]}}