{"id":851,"date":"2021-04-18T02:47:43","date_gmt":"2021-04-18T05:47:43","guid":{"rendered":"https:\/\/healthyoriginsbrasil.com.br\/loja\/?post_type=product&#038;p=851"},"modified":"2022-03-17T09:43:31","modified_gmt":"2022-03-17T12:43:31","slug":"zinco-biglicenado-quelato-120-cps","status":"publish","type":"product","link":"https:\/\/healthyoriginsbrasil.com.br\/loja\/produto\/zinco-biglicenado-quelato-120-cps\/","title":{"rendered":"ZINCO BIGLICENADO QUELATO 120 Cps"},"content":{"rendered":"<p>120 C\u00e1psulas<\/p>\n","protected":false},"excerpt":{"rendered":"<p><strong><em>Ben\u00e9fico para a sa\u00fade imunol\u00f3gica, sa\u00fade celular e vis\u00e3o saud\u00e1vel.<\/em><\/strong><\/p>\n<p>ZINCO BIGLICENADO QUELATO<br \/>\nZinco Biglicenado Quelato Healthy Origins\u00ae \u00e9 produzido usando tecnologia de quela\u00e7\u00e3o da Albion Laboratories, o l\u00edder mundial em quelato de amino\u00e1cidos para nutri\u00e7\u00e3o.<br \/>\nOs cientistas de Albion encontrou uma maneira de aumentar substancialmente a biodisponibilidade do zinco elementar ligando-o com o amino\u00e1cido glicina.<br \/>\nOs amino\u00e1cidos s\u00e3o facilmente identificados e assimilado pelo corpo. Glicina \u00e9 o ligante que suporta o<br \/>\ntransporte de zinco para o intestino, maximizando a biodisponibilidade de zinco.<br \/>\nQuelato de bisglicinato de zinco pode ajudar a apoiar a sa\u00fade imunol\u00f3gica, sa\u00fade do cabelo, sa\u00fade da pele, sa\u00fade das unhas, sa\u00fade celular, forma\u00e7\u00e3o de DNA e vis\u00e3o saud\u00e1vel.<\/p>\n<p><em>Composi\u00e7\u00e3o: C\u00e1psula vegetariana (Hipromelose, \u00c1gua), Celulose Microcristalina, Estearato de magn\u00e9sio.<br \/>\nN\u00e3o fabricado com trigo, gl\u00faten, soja, leite, derivado de ovo, peixe, marisco, amendoim ou nozes ingredientes.<\/em><\/p>\n<p><strong><em>Estas declara\u00e7\u00f5es n\u00e3o foram avaliadas pela Food and Drug Administration.<br \/>\nEste produto n\u00e3o se destina a diagnosticar, tratar, curar ou prevenir qualquer doen\u00e7a.<\/em><\/strong><\/p>\n","protected":false},"featured_media":852,"template":"","meta":[],"_links":{"self":[{"href":"https:\/\/healthyoriginsbrasil.com.br\/loja\/wp-json\/wp\/v2\/product\/851"}],"collection":[{"href":"https:\/\/healthyoriginsbrasil.com.br\/loja\/wp-json\/wp\/v2\/product"}],"about":[{"href":"https:\/\/healthyoriginsbrasil.com.br\/loja\/wp-json\/wp\/v2\/types\/product"}],"wp:featuredmedia":[{"embeddable":true,"href":"https:\/\/healthyoriginsbrasil.com.br\/loja\/wp-json\/wp\/v2\/media\/852"}],"wp:attachment":[{"href":"https:\/\/healthyoriginsbrasil.com.br\/loja\/wp-json\/wp\/v2\/media?parent=851"}],"curies":[{"name":"wp","href":"https:\/\/api.w.org\/{rel}","templated":true}]}}