{"id":848,"date":"2021-04-18T02:45:15","date_gmt":"2021-04-18T05:45:15","guid":{"rendered":"https:\/\/healthyoriginsbrasil.com.br\/loja\/?post_type=product&#038;p=848"},"modified":"2025-04-03T09:10:16","modified_gmt":"2025-04-03T12:10:16","slug":"vitamina-k2-mk-7-180-cps","status":"publish","type":"product","link":"https:\/\/healthyoriginsbrasil.com.br\/loja\/produto\/vitamina-k2-mk-7-180-cps\/","title":{"rendered":"VITAMINA K2 MK-7 180 Cps"},"content":{"rendered":"<p>180 C\u00e1psulas<\/p>\n","protected":false},"excerpt":{"rendered":"<h3><strong>Validade do lote atual: 08\/2025<\/strong><\/h3>\n<p><strong><em>Ben\u00e9fico para a sa\u00fade \u00f3ssea, sa\u00fade cardiovascular, c\u00e1lcio metabolismo e sa\u00fade arterial.<\/em><\/strong><\/p>\n<p>Vitamina Healthy Origins\u00ae K2 (da Natto) fornece vitamina K2 em sua forma mais biologicamente ativa chamado Menaquinona 7 ou MK-7 como diminutivo.<br \/>\nVitamina K2 como o MK-7 tem absor\u00e7\u00e3o e reten\u00e7\u00e3o superiores no corpo quando comparado a K1, a forma suplementar t\u00edpica.<\/p>\n<p><em>Composi\u00e7\u00e3o: Softgel vegetariano (n\u00e3o-OGM Amido de tapioca modificado, glicerina, \u00e1gua purificada), Azeite de oliva extra virgem org\u00e2nico, cera de abelha amarela, Lecitina de girassol.<br \/>\nN\u00e3o fabricado com trigo, gl\u00faten, soja, leite, derivado de ovo, peixe, marisco, amendoim ou nozes.<\/em><\/p>\n<p><strong><em>Estas declara\u00e7\u00f5es n\u00e3o foram avaliadas pela Food and Drug Administration.<br \/>\nEste produto n\u00e3o se destina a diagnosticar, tratar, curar ou prevenir qualquer doen\u00e7a.<\/em><\/strong><\/p>\n","protected":false},"featured_media":849,"template":"","meta":[],"_links":{"self":[{"href":"https:\/\/healthyoriginsbrasil.com.br\/loja\/wp-json\/wp\/v2\/product\/848"}],"collection":[{"href":"https:\/\/healthyoriginsbrasil.com.br\/loja\/wp-json\/wp\/v2\/product"}],"about":[{"href":"https:\/\/healthyoriginsbrasil.com.br\/loja\/wp-json\/wp\/v2\/types\/product"}],"wp:featuredmedia":[{"embeddable":true,"href":"https:\/\/healthyoriginsbrasil.com.br\/loja\/wp-json\/wp\/v2\/media\/849"}],"wp:attachment":[{"href":"https:\/\/healthyoriginsbrasil.com.br\/loja\/wp-json\/wp\/v2\/media?parent=848"}],"curies":[{"name":"wp","href":"https:\/\/api.w.org\/{rel}","templated":true}]}}