{"id":845,"date":"2021-04-18T02:40:27","date_gmt":"2021-04-18T05:40:27","guid":{"rendered":"https:\/\/healthyoriginsbrasil.com.br\/loja\/?post_type=product&#038;p=845"},"modified":"2025-06-05T10:23:53","modified_gmt":"2025-06-05T13:23:53","slug":"vitamina-k2-mk-7-60-cps","status":"publish","type":"product","link":"https:\/\/healthyoriginsbrasil.com.br\/loja\/produto\/vitamina-k2-mk-7-60-cps\/","title":{"rendered":"VITAMINA K2 MK-7 60 Cps"},"content":{"rendered":"<p>60 C\u00e1psulas<\/p>\n","protected":false},"excerpt":{"rendered":"<h3><strong>Validade do lote atual: 07\/2025<\/strong><\/h3>\n<p><strong><em>Ben\u00e9fico para a sa\u00fade \u00f3ssea, sa\u00fade cardiovascular, c\u00e1lcio metabolismo e sa\u00fade arterial.<\/em><\/strong> Vitamina Healthy Origins\u00ae K2 (da Natto) fornece vitamina K2 em sua forma mais biologicamente ativa chamado Menaquinona 7 ou MK-7 como diminutivo. Vitamina K2 como o MK-7 tem absor\u00e7\u00e3o e reten\u00e7\u00e3o superiores no corpo quando comparado a K1, a forma suplementar t\u00edpica. <em>Composi\u00e7\u00e3o: Softgel vegetariano (n\u00e3o-OGM Amido de tapioca modificado, glicerina, \u00e1gua purificada), Azeite de oliva extra virgem org\u00e2nico, cera de abelha amarela, Lecitina de girassol. N\u00e3o fabricado com trigo, gl\u00faten, soja, leite, derivado de ovo, peixe, marisco, amendoim ou nozes.<\/em> <strong><em>Estas declara\u00e7\u00f5es n\u00e3o foram avaliadas pela Food and Drug Administration. Este produto n\u00e3o se destina a diagnosticar, tratar, curar ou prevenir qualquer doen\u00e7a.<\/em><\/strong><\/p>\n","protected":false},"featured_media":846,"template":"","meta":[],"_links":{"self":[{"href":"https:\/\/healthyoriginsbrasil.com.br\/loja\/wp-json\/wp\/v2\/product\/845"}],"collection":[{"href":"https:\/\/healthyoriginsbrasil.com.br\/loja\/wp-json\/wp\/v2\/product"}],"about":[{"href":"https:\/\/healthyoriginsbrasil.com.br\/loja\/wp-json\/wp\/v2\/types\/product"}],"wp:featuredmedia":[{"embeddable":true,"href":"https:\/\/healthyoriginsbrasil.com.br\/loja\/wp-json\/wp\/v2\/media\/846"}],"wp:attachment":[{"href":"https:\/\/healthyoriginsbrasil.com.br\/loja\/wp-json\/wp\/v2\/media?parent=845"}],"curies":[{"name":"wp","href":"https:\/\/api.w.org\/{rel}","templated":true}]}}