{"id":839,"date":"2021-04-18T02:28:24","date_gmt":"2021-04-18T05:28:24","guid":{"rendered":"https:\/\/healthyoriginsbrasil.com.br\/loja\/?post_type=product&#038;p=839"},"modified":"2026-04-09T09:55:14","modified_gmt":"2026-04-09T12:55:14","slug":"vitamina-d3-5-000iu-360-softgels","status":"publish","type":"product","link":"https:\/\/healthyoriginsbrasil.com.br\/loja\/produto\/vitamina-d3-5-000iu-360-softgels\/","title":{"rendered":"VITAMINA D3 5.000 IU 360 Softgels"},"content":{"rendered":"<p>360 Softgels<\/p>\n","protected":false},"excerpt":{"rendered":"<h3><strong>Validade do lote atual: 09\/2026<\/strong><\/h3>\n<p><strong><em>Ben\u00e9fico para a sa\u00fade \u00f3ssea e fun\u00e7\u00e3o imune.<\/em><\/strong><\/p>\n<p>Vitamina Healthy Origins\u00ae D3 5.000 IU \u00e9 um nutriente chave fabricado em softgel l\u00edquido altamente absorv\u00edvel.<br \/>\nA vitamina D3 \u00e9 sintetizada no corpo atrav\u00e9s da luz do sol e apenas um pequena quantidade pode ser obtida em alimentos.<br \/>\nA temporada de inverno e mais produtos de prote\u00e7\u00e3o solar inibem o corpo da capacidade de produzir n\u00edveis ideais de Vitamina D.<br \/>\nComo resultado, a suplementa\u00e7\u00e3o com Vitamina D3 torna-se necess\u00e1rio para garantir que o seu corpo receba um suprimento adequado.<\/p>\n<p><em>Composi\u00e7\u00e3o: Azeite de oliva prensado a frio, kosher Gelatina, Glicerina (Vegetariana), \u00c1gua Purificada.<br \/>\nN\u00e3o fabricado com trigo, gl\u00faten, soja, leite, derivado de ovo, peixe, marisco, amendoim ou nozes.<\/em><\/p>\n<p><strong><em>Estas declara\u00e7\u00f5es n\u00e3o foram avaliadas pela Food and Drug Administration.<br \/>\nEste produto n\u00e3o se destina a diagnosticar, tratar, curar ou prevenir qualquer doen\u00e7a.<\/em><\/strong><\/p>\n","protected":false},"featured_media":840,"template":"","meta":[],"_links":{"self":[{"href":"https:\/\/healthyoriginsbrasil.com.br\/loja\/wp-json\/wp\/v2\/product\/839"}],"collection":[{"href":"https:\/\/healthyoriginsbrasil.com.br\/loja\/wp-json\/wp\/v2\/product"}],"about":[{"href":"https:\/\/healthyoriginsbrasil.com.br\/loja\/wp-json\/wp\/v2\/types\/product"}],"wp:featuredmedia":[{"embeddable":true,"href":"https:\/\/healthyoriginsbrasil.com.br\/loja\/wp-json\/wp\/v2\/media\/840"}],"wp:attachment":[{"href":"https:\/\/healthyoriginsbrasil.com.br\/loja\/wp-json\/wp\/v2\/media?parent=839"}],"curies":[{"name":"wp","href":"https:\/\/api.w.org\/{rel}","templated":true}]}}