{"id":834,"date":"2021-04-18T02:08:54","date_gmt":"2021-04-18T05:08:54","guid":{"rendered":"https:\/\/healthyoriginsbrasil.com.br\/loja\/?post_type=product&#038;p=834"},"modified":"2022-01-24T13:46:41","modified_gmt":"2022-01-24T16:46:41","slug":"vitamina-d3-k2-180-softgels","status":"publish","type":"product","link":"https:\/\/healthyoriginsbrasil.com.br\/loja\/produto\/vitamina-d3-k2-180-softgels\/","title":{"rendered":"VITAMINA D3 &#038; K2 180 Softgels"},"content":{"rendered":"<p>180 Softgels<\/p>\n","protected":false},"excerpt":{"rendered":"<p><strong><em>Ben\u00e9fico para a sa\u00fade \u00f3ssea, sa\u00fade cardiovascular, humor, e metabolismo do c\u00e1lcio.<\/em><\/strong><\/p>\n<p>Healthy Origins\u00ae Vitamin D3 50 mcg (2.000 IU) e K2 200 mcg combina dois importantes nutrientes que s\u00e3o conhecidos por terem benef\u00edcios sin\u00e9rgicos no corpo.<br \/>\nVitamina D e Vitamina K s\u00e3o ambas as vitaminas sol\u00faveis em gordura que desempenham um papel importante no metabolismo do c\u00e1lcio.<br \/>\nA vitamina D garante que os n\u00edveis de c\u00e1lcio no seu sangue s\u00e3o alto o suficiente para encontrar seu corpo<br \/>\nrequisitos, e a vitamina K ajuda para direcionar o c\u00e1lcio para onde ele est\u00e1 mais necess\u00e1rios, seus ossos.<\/p>\n<p><em>Composi\u00e7\u00e3o: Azeite prensado a frio, Kosher Gelatina, Glicerina (Vegetariana), \u00c1gua Purificada, Cera De Abelha Amarela, Lecitina De Girassol.<br \/>\nN\u00e3o fabricado com trigo, gl\u00faten, soja, leite, derivado de ovo, peixe, marisco, amendoim ou nozes.<\/em><\/p>\n<p><strong><em>Estas declara\u00e7\u00f5es n\u00e3o foram avaliadas pela Food and Drug Administration.<br \/>\nEste produto n\u00e3o se destina a diagnosticar, tratar, curar ou prevenir qualquer doen\u00e7a.<\/em><\/strong><\/p>\n","protected":false},"featured_media":835,"template":"","meta":[],"_links":{"self":[{"href":"https:\/\/healthyoriginsbrasil.com.br\/loja\/wp-json\/wp\/v2\/product\/834"}],"collection":[{"href":"https:\/\/healthyoriginsbrasil.com.br\/loja\/wp-json\/wp\/v2\/product"}],"about":[{"href":"https:\/\/healthyoriginsbrasil.com.br\/loja\/wp-json\/wp\/v2\/types\/product"}],"wp:featuredmedia":[{"embeddable":true,"href":"https:\/\/healthyoriginsbrasil.com.br\/loja\/wp-json\/wp\/v2\/media\/835"}],"wp:attachment":[{"href":"https:\/\/healthyoriginsbrasil.com.br\/loja\/wp-json\/wp\/v2\/media?parent=834"}],"curies":[{"name":"wp","href":"https:\/\/api.w.org\/{rel}","templated":true}]}}