{"id":825,"date":"2021-04-18T01:50:32","date_gmt":"2021-04-18T04:50:32","guid":{"rendered":"https:\/\/healthyoriginsbrasil.com.br\/loja\/?post_type=product&#038;p=825"},"modified":"2022-01-04T08:54:10","modified_gmt":"2022-01-04T11:54:10","slug":"colageno-uc-ii-40mg-60-cps","status":"publish","type":"product","link":"https:\/\/healthyoriginsbrasil.com.br\/loja\/produto\/colageno-uc-ii-40mg-60-cps\/","title":{"rendered":"COL\u00c1GENO UC-II 40mg 60 Cps"},"content":{"rendered":"<p>60 C\u00e1psulas<\/p>\n","protected":false},"excerpt":{"rendered":"<p><strong><em>Ben\u00e9fico para melhora na articula\u00e7\u00e3o e movimentos.<\/em><\/strong><br \/>\nSuprimentos Healthy Origins\u00ae UC-II\u00ae col\u00e1geno com tipo II n\u00e3o desnaturado para suporte de sa\u00fade das articula\u00e7\u00f5es.<br \/>\nUC \u00b7 II\u00ae \u00e9 fabricado atrav\u00e9s de um processo de fabrica\u00e7\u00e3o n\u00e3o enzim\u00e1tico patenteado, de baixa temperatura,<br \/>\nque garante sua biodisponibilidade no corpo. Os estudos cl\u00ednicos t\u00eam mostrado tomando apenas um 40 mg<br \/>\nc\u00e1psula de suportes di\u00e1rios UC \u00b7 II\u00ae pode beneficiar no conforto articular, mobilidade, e flexibilidade<\/p>\n<p><em>Composi\u00e7\u00e3o: celulose microcristalina, C\u00e1psula Vegetariana (Celulose, \u00c1gua), Estearato de magn\u00e9sio, cloreto de pot\u00e1ssio (Estabilizador).<\/em><br \/>\n<em>N\u00e3o fabricado com trigo, gl\u00faten, soja, leite, derivado de ovo, peixe, marisco, amendoim ou nozes.<\/em><br \/>\n<em>UC-II\u00ae e o logotipo s\u00e3o marcas comerciais da Lonza ou de suas afiliadas<\/em><\/p>\n<p><strong><em>Estas declara\u00e7\u00f5es n\u00e3o foram avaliadas pela Food and Drug Administration.<br \/>\nEste produto n\u00e3o se destina a diagnosticar, tratar, curar ou prevenir qualquer doen\u00e7a.<\/em><\/strong><\/p>\n","protected":false},"featured_media":826,"template":"","meta":[],"_links":{"self":[{"href":"https:\/\/healthyoriginsbrasil.com.br\/loja\/wp-json\/wp\/v2\/product\/825"}],"collection":[{"href":"https:\/\/healthyoriginsbrasil.com.br\/loja\/wp-json\/wp\/v2\/product"}],"about":[{"href":"https:\/\/healthyoriginsbrasil.com.br\/loja\/wp-json\/wp\/v2\/types\/product"}],"wp:featuredmedia":[{"embeddable":true,"href":"https:\/\/healthyoriginsbrasil.com.br\/loja\/wp-json\/wp\/v2\/media\/826"}],"wp:attachment":[{"href":"https:\/\/healthyoriginsbrasil.com.br\/loja\/wp-json\/wp\/v2\/media?parent=825"}],"curies":[{"name":"wp","href":"https:\/\/api.w.org\/{rel}","templated":true}]}}