{"id":789,"date":"2021-04-15T20:46:39","date_gmt":"2021-04-15T23:46:39","guid":{"rendered":"https:\/\/healthyoriginsbrasil.com.br\/loja\/?post_type=product&#038;p=789"},"modified":"2022-01-24T13:47:37","modified_gmt":"2022-01-24T16:47:37","slug":"probiotico-30bi-cfus-150-softgels","status":"publish","type":"product","link":"https:\/\/healthyoriginsbrasil.com.br\/loja\/produto\/probiotico-30bi-cfus-150-softgels\/","title":{"rendered":"PROBI\u00d3TICO 30Bi CFUs 150 Softgels"},"content":{"rendered":"<p>150 Softgels<\/p>\n","protected":false},"excerpt":{"rendered":"<p><strong><em>Ben\u00e9fico para sa\u00fade imunol\u00f3gica, sa\u00fade digestiva e melhora do humor.<\/em><\/strong><\/p>\n<p>O Probi\u00f3tico 30 Bilh\u00f5es CFUs da Healthy Origins\u00ae \u00e9 uma mistura poderosa de 8 cepas de bact\u00e9rias amig\u00e1veis \u200b\u200be<br \/>\n30 bilh\u00f5es de unidades formadoras de col\u00f4nias (CFUs) que podem ajudar a apoiar um saldo positivo da microflora dos intestinos.<\/p>\n<p>Suplementar com probi\u00f3ticos pode ajudar a manter col\u00f4nias de bact\u00e9rias amig\u00e1veis \u200b\u200bque podem ser esgotado pelo estresse, antibi\u00f3ticos, e dist\u00farbios gastrointestinais.<\/p>\n<p>Probi\u00f3tico 30 Bilh\u00f5es CFUs da Healthy Origins\u00ae<br \/>\nCepas de bact\u00e9rias CFUs sobrevivem \u00e1cidos estomacais agressivos para alcan\u00e7ar o trato intestinal, onde exercem suas maiores benef\u00edcios.<\/p>\n<p>Probi\u00f3tico 30 bilh\u00f5es CFUs \u00e9 est\u00e1vel enquanto refrigerado ou armazenado em temperatura ambiente (~ 70 \u00b0 F)<\/p>\n<p><em>Composi\u00e7\u00e3o: celulose microcristalina, C\u00e1psula Vegetariana (HPMC, \u00c1gua), Magn\u00e9sio Estearato (Vegetariano), Di\u00f3xido de Sil\u00edcio.<br \/>\nN\u00e3o fabricado com trigo, gl\u00faten, soja, leite, derivado de ovo, peixe, marisco, amendoim ou nozes.<br \/>\nfloraFIT\u00ae \u00e9 uma marca registrada da Danisco USA.<\/em><\/p>\n<p><strong><em>Estas declara\u00e7\u00f5es n\u00e3o foram avaliadas pela Food and Drug Administration.<br \/>\nEste produto n\u00e3o se destina a diagnosticar, tratar, curar ou prevenir qualquer doen\u00e7a.<\/em><\/strong><\/p>\n","protected":false},"featured_media":790,"template":"","meta":[],"_links":{"self":[{"href":"https:\/\/healthyoriginsbrasil.com.br\/loja\/wp-json\/wp\/v2\/product\/789"}],"collection":[{"href":"https:\/\/healthyoriginsbrasil.com.br\/loja\/wp-json\/wp\/v2\/product"}],"about":[{"href":"https:\/\/healthyoriginsbrasil.com.br\/loja\/wp-json\/wp\/v2\/types\/product"}],"wp:featuredmedia":[{"embeddable":true,"href":"https:\/\/healthyoriginsbrasil.com.br\/loja\/wp-json\/wp\/v2\/media\/790"}],"wp:attachment":[{"href":"https:\/\/healthyoriginsbrasil.com.br\/loja\/wp-json\/wp\/v2\/media?parent=789"}],"curies":[{"name":"wp","href":"https:\/\/api.w.org\/{rel}","templated":true}]}}