{"id":764,"date":"2021-04-15T08:28:33","date_gmt":"2021-04-15T11:28:33","guid":{"rendered":"https:\/\/healthyoriginsbrasil.com.br\/loja\/?post_type=product&#038;p=764"},"modified":"2021-10-21T12:28:10","modified_gmt":"2021-10-21T15:28:10","slug":"magnesio-bisglicinato-quelato-120-cps","status":"publish","type":"product","link":"https:\/\/healthyoriginsbrasil.com.br\/loja\/produto\/magnesio-bisglicinato-quelato-120-cps\/","title":{"rendered":"MAGN\u00c9SIO BIGLICENADO QUELATO 120 Cps"},"content":{"rendered":"<p>120 C\u00e1psulas<\/p>\n","protected":false},"excerpt":{"rendered":"<p><strong><em>Ben\u00e9fico cardiovascular e sa\u00fade neurol\u00f3gica<\/em><\/strong><br \/>\nO Magn\u00e9sio Bisglicinato Quelato \u00e9 uma rica fonte magn\u00e9sio, que tem sido o assunto de muitos ensaios cl\u00ednicos para doen\u00e7as cardiovasculares, sa\u00fade da mulher, respirat\u00f3ria, sa\u00fade neurol\u00f3gica e sa\u00fade digestiva.<\/p>\n<p>O quelato de bisglicinato \u00e9 desenvolvido em parceria com Albion Laboratories, Inc., l\u00edder em pesquisa e desenvolvimento mineral.<\/p>\n<p><em>Composi\u00e7\u00e3o: Celulose microcristalina, \u00c1cido c\u00edtrico, \u00e1cido este\u00e1rico, croscarmelose, s\u00f3dio, estearato de magn\u00e9sio, di\u00f3xido de sil\u00edcio, Hipromelose, Glicerina.<br \/>\nN\u00e3o fabricado com trigo, gl\u00faten, soja, leite, derivado de ovo, peixe, marisco, amendoim ou nozes ingredientes.<br \/>\nTRAACS \u2122 e o design Albion Medallion s\u00e3o marcas comerciais da Albion Laboratories, Inc.<\/em><\/p>\n<p><strong><em>Estas declara\u00e7\u00f5es n\u00e3o foram avaliadas pela Food and Drug Administration.<br \/>\nEste produto n\u00e3o se destina a diagnosticar, tratar, curar ou prevenir qualquer doen\u00e7a.<\/em><\/strong><\/p>\n","protected":false},"featured_media":785,"template":"","meta":[],"_links":{"self":[{"href":"https:\/\/healthyoriginsbrasil.com.br\/loja\/wp-json\/wp\/v2\/product\/764"}],"collection":[{"href":"https:\/\/healthyoriginsbrasil.com.br\/loja\/wp-json\/wp\/v2\/product"}],"about":[{"href":"https:\/\/healthyoriginsbrasil.com.br\/loja\/wp-json\/wp\/v2\/types\/product"}],"wp:featuredmedia":[{"embeddable":true,"href":"https:\/\/healthyoriginsbrasil.com.br\/loja\/wp-json\/wp\/v2\/media\/785"}],"wp:attachment":[{"href":"https:\/\/healthyoriginsbrasil.com.br\/loja\/wp-json\/wp\/v2\/media?parent=764"}],"curies":[{"name":"wp","href":"https:\/\/api.w.org\/{rel}","templated":true}]}}