{"id":758,"date":"2021-04-15T02:11:41","date_gmt":"2021-04-15T05:11:41","guid":{"rendered":"https:\/\/healthyoriginsbrasil.com.br\/loja\/?post_type=product&#038;p=758"},"modified":"2025-12-11T02:14:22","modified_gmt":"2025-12-11T05:14:22","slug":"coenzima-coq10-100mg-150-softgels","status":"publish","type":"product","link":"https:\/\/healthyoriginsbrasil.com.br\/loja\/produto\/coenzima-coq10-100mg-150-softgels\/","title":{"rendered":"COENZIMA CoQ10 100mg 150 Softgels"},"content":{"rendered":"<p>150 Softgels<\/p>\n","protected":false},"excerpt":{"rendered":"<h3><strong>Validade do lote atual: 09\/2026<\/strong><\/h3>\n<p><strong><em>Ben\u00e9fico para o cora\u00e7\u00e3o e sa\u00fade celular.<\/em><\/strong><br \/>\nHealthy Origins\u00ae CoQ10 (Ubiquinona) \u00e9 um produto de subst\u00e2ncias natural que facilita a produ\u00e7\u00e3o da energia celular. Dentro cada c\u00e9lula do seu corpo, h\u00e1 pequenos \u201cmotores\u201d chamados mitoc\u00f4ndrias.<\/p>\n<p>Noventa e cinco por cento do total energia criada dentro do corpo vem dessas mitoc\u00f4ndrias, e nada disso pode acontecer sem CoQ10. Nossa coenzima Q10 natural (transis\u00f4mero) \u00e9 produzida exclusivamente atrav\u00e9s de um processo de fermenta\u00e7\u00e3o, da mais alta qualidade dispon\u00edvel.<\/p>\n<p>Healthy Origins\u00ae CoQ10 \u00e9 encapsulado nos EUA usando apenas Kaneka Q10 \u2122 produzido exclusivamente em Pasadena, TX, EUA.<\/p>\n<p><em>Composi\u00e7\u00e3o: azeite puro prensado a frio (Frutas), Gelatina Kosher, Glicerina (Vegetariana), Cera de Abelha Natural, \u00c1gua Purificada.<\/em><br \/>\n<em>N\u00e3o fabricado com trigo, gl\u00faten, soja, leite, derivado de ovo, peixe, marisco, amendoim ou nozes.<\/em><br \/>\n<em>Kaneka Q10\u00ae \u00e9 uma marca registrada da Kaneka Corpora\u00e7\u00e3o.<\/em><\/p>\n<p><strong><em>Estas declara\u00e7\u00f5es n\u00e3o foram avaliadas pela Food and Drug Administration.<br \/>\nEste produto n\u00e3o se destina a diagnosticar, tratar, curar ou prevenir qualquer doen\u00e7a.<\/em><\/strong><\/p>\n","protected":false},"featured_media":782,"template":"","meta":[],"_links":{"self":[{"href":"https:\/\/healthyoriginsbrasil.com.br\/loja\/wp-json\/wp\/v2\/product\/758"}],"collection":[{"href":"https:\/\/healthyoriginsbrasil.com.br\/loja\/wp-json\/wp\/v2\/product"}],"about":[{"href":"https:\/\/healthyoriginsbrasil.com.br\/loja\/wp-json\/wp\/v2\/types\/product"}],"wp:featuredmedia":[{"embeddable":true,"href":"https:\/\/healthyoriginsbrasil.com.br\/loja\/wp-json\/wp\/v2\/media\/782"}],"wp:attachment":[{"href":"https:\/\/healthyoriginsbrasil.com.br\/loja\/wp-json\/wp\/v2\/media?parent=758"}],"curies":[{"name":"wp","href":"https:\/\/api.w.org\/{rel}","templated":true}]}}