{"id":1152,"date":"2021-10-21T14:37:28","date_gmt":"2021-10-21T17:37:28","guid":{"rendered":"https:\/\/healthyoriginsbrasil.com.br\/loja\/?post_type=product&#038;p=1152"},"modified":"2025-01-07T16:49:37","modified_gmt":"2025-01-07T19:49:37","slug":"coenzima-q-10-coq-10-q10-200mg-60caps","status":"publish","type":"product","link":"https:\/\/healthyoriginsbrasil.com.br\/loja\/produto\/coenzima-q-10-coq-10-q10-200mg-60caps\/","title":{"rendered":"Coenzima Q-10 Coq-10 q10 200mg 60caps"},"content":{"rendered":"<p>60 C\u00e1psulas<\/p>\n","protected":false},"excerpt":{"rendered":"<h3><strong>Validade do lote atual: 08\/2026<\/strong><\/h3>\n<p style=\"font-weight: 400;\">Descri\u00e7\u00e3o:<\/p>\n<p style=\"font-weight: 400;\">A CoQ10 (ubiquinona) da Healthy Origins \u00e9 uma subst\u00e2ncia de ocorr\u00eancia natural que facilita a produ\u00e7\u00e3o de energia celular. Em cada c\u00e9lula do seu corpo, h\u00e1 pequenos motores chamados de mitoc\u00f4ndrias. 95% de toda a energia criada no corpo vem dessas mitoc\u00f4ndrias e nada disso pode ocorrer sem a CoQ10.<\/p>\n<p>Nossa CoQ10 natural (trans-is\u00f4mera) \u00e9 produzida de maneira exclusiva atrav\u00e9s de um processo de fermenta\u00e7\u00e3o de levedura que ocorre no corpo.120 mg de DHA.<\/p>\n<p style=\"font-weight: 400;\">Benef\u00edcios:<\/p>\n<p style=\"font-weight: 400;\">&#8211; Sa\u00fade cardiovascular<br \/>\n&#8211; Produ\u00e7\u00e3o de Energia Celular<br \/>\n&#8211; Vegetariano<br \/>\n&#8211; Kosher ~ Cont\u00e9m Gelatina<\/p>\n<p>SUGEST\u00c3O DE USO: Tome uma (1) c\u00e1psula uma ou duas vezes por dia com uma refei\u00e7\u00e3o, ou conforme indicado por um m\u00e9dico.<\/p>\n","protected":false},"featured_media":1153,"template":"","meta":[],"_links":{"self":[{"href":"https:\/\/healthyoriginsbrasil.com.br\/loja\/wp-json\/wp\/v2\/product\/1152"}],"collection":[{"href":"https:\/\/healthyoriginsbrasil.com.br\/loja\/wp-json\/wp\/v2\/product"}],"about":[{"href":"https:\/\/healthyoriginsbrasil.com.br\/loja\/wp-json\/wp\/v2\/types\/product"}],"wp:featuredmedia":[{"embeddable":true,"href":"https:\/\/healthyoriginsbrasil.com.br\/loja\/wp-json\/wp\/v2\/media\/1153"}],"wp:attachment":[{"href":"https:\/\/healthyoriginsbrasil.com.br\/loja\/wp-json\/wp\/v2\/media?parent=1152"}],"curies":[{"name":"wp","href":"https:\/\/api.w.org\/{rel}","templated":true}]}}