{"id":867,"date":"2021-04-18T23:47:31","date_gmt":"2021-04-19T02:47:31","guid":{"rendered":"https:\/\/healthyoriginsbrasil.com.br\/loja\/?page_id=867"},"modified":"2021-05-11T22:21:27","modified_gmt":"2021-05-12T01:21:27","slug":"a-empresa","status":"publish","type":"page","link":"https:\/\/healthyoriginsbrasil.com.br\/loja\/a-empresa\/","title":{"rendered":"A Empresa"},"content":{"rendered":"<p>[vc_row css=&#8221;.vc_custom_1618800567551{margin-right: 20px !important;margin-left: 20px !important;}&#8221;][vc_column offset=&#8221;vc_hidden-sm vc_hidden-xs&#8221;][vc_single_image image=&#8221;781&#8243; img_size=&#8221;full&#8221; alignment=&#8221;center&#8221;][vc_custom_heading text=&#8221;Somos importadores e distribuidores oficiais da Healthy Origins no Brasil!&#8221; font_container=&#8221;tag:h1|font_size:3em|text_align:left|line_height:1em&#8221; google_fonts=&#8221;font_family:Krona%20One%3Aregular|font_style:400%20regular%3A400%3Anormal&#8221;][vc_column_text]<\/p>\n<h2>Por mais de 20 anos, a <strong>Healthy Origins<\/strong> permaneceu comprometida com a qualidade e efic\u00e1cia de seus produtos.<\/h2>\n<h2>Come\u00e7ando pela busca de ingredientes ativos da mais alta qualidade dos fornecedores mais conceituados do mundo.<\/h2>\n<h2>A maioria dos produtos <strong>Healthy Origins<\/strong> \u00e9 fabricada com ingredientes patenteados e de marca, respaldados por anos de pesquisas cient\u00edficas e estudos cl\u00ednicos. Sempre se empenhando para desenvolver suplementos que excedam as expectativas de nossos clientes e fornecer esses produtos a pre\u00e7os acess\u00edveis.<\/h2>\n<h2>Na <strong>Healthy Origins<\/strong>, a miss\u00e3o \u00e9 simples: fornecer aos nossos clientes um suplemento saud\u00e1vel de origens confi\u00e1veis.<\/h2>\n<h2><strong>Compre com seguran\u00e7a e cuidado com as falsifica\u00e7\u00f5es! N\u00f3s da Healthy Origins Brasil somos listados como distribuidores oficiais no site da marca.<\/strong><br \/>\n<a href=\"https:\/\/healthyorigins.com\/pages\/international-distributors\" target=\"_blank\" rel=\"noopener\">https:\/\/healthyorigins.com\/pages\/international-distributors<\/a><br \/>\nSomos os \u00fanicos com produtos a <strong>PRONTA ENTREGA<\/strong> no Brasil.<\/h2>\n<p>[\/vc_column_text][\/vc_column][\/vc_row][vc_row css=&#8221;.vc_custom_1618802014061{margin-right: 10px !important;margin-left: 10px !important;}&#8221;][vc_column offset=&#8221;vc_hidden-lg vc_hidden-md&#8221;][vc_single_image image=&#8221;781&#8243; img_size=&#8221;full&#8221; alignment=&#8221;center&#8221;][vc_custom_heading text=&#8221;Somos importadores e distribuidores oficiais da Healthy Origins no Brasil!&#8221; font_container=&#8221;tag:h1|font_size:1.4em|text_align:left|line_height:26px&#8221; google_fonts=&#8221;font_family:Krona%20One%3Aregular|font_style:400%20regular%3A400%3Anormal&#8221;][vc_column_text]<\/p>\n<h3>Por mais de 20 anos, a <strong>Healthy Origins<\/strong> permaneceu comprometida com a qualidade e efic\u00e1cia de seus produtos.<\/h3>\n<h3>Come\u00e7ando pela busca de ingredientes ativos da mais alta qualidade dos fornecedores mais conceituados do mundo.<\/h3>\n<h3>A maioria dos produtos <strong>Healthy Origins<\/strong> \u00e9 fabricada com ingredientes patenteados e de marca, respaldados por anos de pesquisas cient\u00edficas e estudos cl\u00ednicos. Sempre se empenhando para desenvolver suplementos que excedam as expectativas de nossos clientes e fornecer esses produtos a pre\u00e7os acess\u00edveis.<\/h3>\n<h3>Na <strong>Healthy Origins<\/strong>, a miss\u00e3o \u00e9 simples: fornecer aos nossos clientes um suplemento saud\u00e1vel de origens confi\u00e1veis.<\/h3>\n<h3><strong>Compre com seguran\u00e7a e cuidado com as falsifica\u00e7\u00f5es! N\u00f3s da Healthy Origins Brasil somos listados como distribuidores oficiais no site da marca.<\/strong><br \/>\n<a href=\"https:\/\/healthyorigins.com\/pages\/international-distributors\" target=\"_blank\" rel=\"noopener\">https:\/\/healthyorigins.com\/pages\/international-distributors<\/a><br \/>\nSomos os \u00fanicos com produtos a <strong>PRONTA ENTREGA<\/strong> no Brasil.<\/h3>\n<p>[\/vc_column_text][\/vc_column][\/vc_row]<\/p>\n","protected":false},"excerpt":{"rendered":"<p>[vc_row css=&#8221;.vc_custom_1618800567551{margin-right: 20px !important;margin-left: 20px !important;}&#8221;][vc_column offset=&#8221;vc_hidden-sm vc_hidden-xs&#8221;][vc_single_image image=&#8221;781&#8243; img_size=&#8221;full&#8221; alignment=&#8221;center&#8221;][vc_custom_heading text=&#8221;Somos importadores e distribuidores oficiais da Healthy Origins no Brasil!&#8221; font_container=&#8221;tag:h1|font_size:3em|text_align:left|line_height:1em&#8221; google_fonts=&#8221;font_family:Krona%20One%3Aregular|font_style:400%20regular%3A400%3Anormal&#8221;][vc_column_text] Por mais de 20 anos, a Healthy Origins permaneceu comprometida com a qualidade e efic\u00e1cia de seus produtos. Come\u00e7ando pela busca de ingredientes ativos da mais alta qualidade dos fornecedores mais conceituados [&hellip;]<\/p>\n","protected":false},"author":1,"featured_media":0,"parent":0,"menu_order":0,"comment_status":"closed","ping_status":"closed","template":"","meta":[],"_links":{"self":[{"href":"https:\/\/healthyoriginsbrasil.com.br\/loja\/wp-json\/wp\/v2\/pages\/867"}],"collection":[{"href":"https:\/\/healthyoriginsbrasil.com.br\/loja\/wp-json\/wp\/v2\/pages"}],"about":[{"href":"https:\/\/healthyoriginsbrasil.com.br\/loja\/wp-json\/wp\/v2\/types\/page"}],"author":[{"embeddable":true,"href":"https:\/\/healthyoriginsbrasil.com.br\/loja\/wp-json\/wp\/v2\/users\/1"}],"replies":[{"embeddable":true,"href":"https:\/\/healthyoriginsbrasil.com.br\/loja\/wp-json\/wp\/v2\/comments?post=867"}],"version-history":[{"count":32,"href":"https:\/\/healthyoriginsbrasil.com.br\/loja\/wp-json\/wp\/v2\/pages\/867\/revisions"}],"predecessor-version":[{"id":1005,"href":"https:\/\/healthyoriginsbrasil.com.br\/loja\/wp-json\/wp\/v2\/pages\/867\/revisions\/1005"}],"wp:attachment":[{"href":"https:\/\/healthyoriginsbrasil.com.br\/loja\/wp-json\/wp\/v2\/media?parent=867"}],"curies":[{"name":"wp","href":"https:\/\/api.w.org\/{rel}","templated":true}]}}