{"id":865,"date":"2021-04-18T23:45:42","date_gmt":"2021-04-19T02:45:42","guid":{"rendered":"https:\/\/healthyoriginsbrasil.com.br\/loja\/?page_id=865"},"modified":"2021-04-18T23:45:43","modified_gmt":"2021-04-19T02:45:43","slug":"politica-de-cookies","status":"publish","type":"page","link":"https:\/\/healthyoriginsbrasil.com.br\/loja\/politica-de-cookies\/","title":{"rendered":"Pol\u00edtica de Cookies"},"content":{"rendered":"\n<h1>Pol\u00edtica de Cookies<\/h1>\n\n\n\n<p>O nosso website utiliza cookies.<br>Um cookie \u00e9 um pequeno ficheiro de letras e n\u00fameros que colocamos no seu computador, caso o permita. Estes cookies permitem-nos distingui-lo dos outros Utilizadores do nosso website, o que nos ajuda a fornecer-lhe uma boa experi\u00eancia quando navega no nosso website e tamb\u00e9m nos permite melhorar o nosso website. Poder\u00e1 consultar todos os detalhes sobre o tipo de cookies que utilizamos e a finalidade para a qual os utilizamos na nossa pol\u00edtica de utiliza\u00e7\u00e3o de cookies. Ao continuar a utilizar este website, est\u00e1 a concordar com a utiliza\u00e7\u00e3o de cookies.<\/p>\n\n\n\n<p><strong><u>A nossa Pol\u00edtica de Utiliza\u00e7\u00e3o de Cookies<\/u><\/strong><\/p>\n\n\n\n<p><strong>1.&nbsp;O que \u00e9 um cookie?<br><\/strong>Um cookie \u00e9 um pequeno ficheiro de texto que colocamos no seu computador ou dispositivo, caso o permita. Os cookies podem ser utilizados para v\u00e1rias finalidades diferentes, que explicaremos detalhadamente a seguir.<\/p>\n\n\n\n<p>Pode bloquear ou remover cookies atrav\u00e9s do seu browser da Internet ou utilizando software de terceiros, mas poder\u00e3o existir problemas com a utiliza\u00e7\u00e3o de determinadas partes do website caso o fa\u00e7a.<\/p>\n\n\n\n<p>Ao continuar a utilizar o website, est\u00e1 a concordar com a utiliza\u00e7\u00e3o de cookies.<\/p>\n\n\n\n<p><strong>2. Qual a finalidade dos cookies no nosso website?<br><\/strong>Os cookies t\u00eam imensas funcionalidades diferentes, como por exemplo:<\/p>\n\n\n\n<ul><li>Podem lembrar-se das suas prefer\u00eancias \u2013 isto far\u00e1 com que determinados processos sejam mais f\u00e1ceis de preencher (por exemplo, encontrar detalhes de contacto ou um mapa).<\/li><\/ul>\n\n\n\n<ul><li>Podem recolher informa\u00e7\u00f5es an\u00f3nimas de utiliza\u00e7\u00e3o \u2013 utilizamos esta informa\u00e7\u00e3o para continuar a melhorar a sua experi\u00eancia.<\/li><\/ul>\n\n\n\n<ul><li>Podem lembrar-se de que visitou o nosso website e os publicit\u00e1rios online podem utilizar estas informa\u00e7\u00f5es para personalizar as suas mensagens para si \u2013 por exemplo, colocando um an\u00fancio num website de terceiros para lhe promover uma oferta atual.<\/li><\/ul>\n\n\n\n<p>Lembre-se que pode bloquear ou remover cookies em quer momento e, quando o fizer, as informa\u00e7\u00f5es armazenadas s\u00e3o removidas de forma permanente.<strong>3. Recursos de publicidade do Google Analytics:<\/strong><br>O Google Analytics \u00e9 uma ferramenta de an\u00e1lise Web que ajuda os propriet\u00e1rios de sites a entender como os Utilizadores interagem com o seu website para que possam melhor\u00e1-lo.<\/p>\n\n\n\n<p>Os recursos do Google Analytics permitem a an\u00e1lise da sua navega\u00e7\u00e3o para melhorar sua experi\u00eancia, bem como criar listas de remarketing. As listas de remarketing ajudam a fornecer an\u00fancios relevantes com base na sua experi\u00eancia neste site.<\/p>\n\n\n\n<p>Podemos recolher informa\u00e7\u00f5es sobre seu computador, incluindo o seu endere\u00e7o de IP, sistema operativo e tipo de navegador, para administra\u00e7\u00e3o do sistema e cria\u00e7\u00e3o de relat\u00f3rios, sendo que se tratam de dados estat\u00edsticos sobre as a\u00e7\u00f5es e padr\u00f5es de navega\u00e7\u00e3o, n\u00e3o identificando nenhum utilizador individualmente.<\/p>\n\n\n\n<p>Os cookies cont\u00eam informa\u00e7\u00f5es que s\u00e3o transferidas para o disco r\u00edgido do seu computador. Esses cookies s\u00e3o usados \u200b\u200bpara armazenar informa\u00e7\u00f5es, como o tempo em que a visita atual ocorreu, se o visitante j\u00e1 tinha vindo ao site anteriormente e qual site que encaminhou o visitante para o nosso website.<\/p>\n\n\n\n<p><strong>4. Desativar os Cookies:<\/strong><br>O Google Analytics recolhe informa\u00e7\u00e3o de forma an\u00f3nima e relata tend\u00eancias do site sem identificar Utilizadores individuais.<\/p>\n\n\n\n<p>O utilizador pode desativar o Google Analytics sem afetar o modo como visita o nosso site, podendo bloquear ou remover cookies atrav\u00e9s de seu navegador de internet ou usando software de terceiros, como o complemento do navegador de exclus\u00e3o do Google Analytics.<\/p>\n\n\n\n<p>Alertamos, no entanto, que, neste \u00faltimo caso, poder\u00e1 verificar alguns constrangimentos na navega\u00e7\u00e3o no nosso site.<\/p>\n\n\n\n<p>No entanto, neste \u00faltimo caso poder\u00e3o surgir problemas em certas partes do nosso site.<\/p>\n\n\n\n<p><strong>5. Os nossos Cookies:<\/strong><br>Os cookies podem ser:\u200b<\/p>\n\n\n\n<ul><li><strong>Essenciais<\/strong>, permitindo que navegue no website, bem como aceder \u00e0 \u00e1rea reservada, permitindo, atrav\u00e9s da recolha de informa\u00e7\u00e3o an\u00f3nima ajudar a melhorar a forma como o website funciona, bem como entender o que interessa aos nossos Utilizadores. Usamos estes cookies, nomeadamente, para registo das visitas para tratamento estat\u00edstico. A aceita\u00e7\u00e3o destes cookies \u00e9 uma condi\u00e7\u00e3o para uso do nosso website<\/li><\/ul>\n\n\n\n<ul><li><strong>Funcionais<\/strong>, permitindo relembrar os dados de acesso \u00e0 \u00e1rea reservada. Pode, a qualquer momento, controlar ou n\u00e3o se estes cookies s\u00e3o utilizados, atrav\u00e9s das defini\u00e7\u00f5es do seu browser ou aplica\u00e7\u00e3o.<\/li><\/ul>\n\n\n\n<ul><li><strong>Publicidade<\/strong>, permitindo direcionar publicidade em fun\u00e7\u00e3o dos interesses de cada utilizador, por forma a direcionar campanhas publicit\u00e1rias de acordo com os h\u00e1bitos de navega\u00e7\u00e3o, permitindo ainda fazer a liga\u00e7\u00e3o a redes sociais, tais como Linkedin, Facebook, Youtube, Instagram, entre outros, por forma a direcionar a publicidade tamb\u00e9m nesses websites. Usamos estes cookies, nomeadamente, para o informar dos novos produtos ou campanhas em vigor e partilhar outros conte\u00fados relevantes. Pode, a qualquer momento, controlar ou n\u00e3o se estes cookies s\u00e3o utilizados, atrav\u00e9s das defini\u00e7\u00f5es do seu browser ou aplica\u00e7\u00e3o.<\/li><\/ul>\n\n\n\n<p>Note-se que os terceiros (incluindo, por exemplo, redes publicit\u00e1rias e fornecedores de servi\u00e7os externos como servi\u00e7os de an\u00e1lise de tr\u00e1fego web) tamb\u00e9m podem utilizar cookies, sobre os quais n\u00e3o temos controlo. \u00c9 prov\u00e1vel que estes cookies sejam cookies de desempenho ou cookies de publicidade.<\/p>\n\n\n\n<p>Leitura adicional<br>Para saber mais sobre cookies, por favor consulte o seguinte endere\u00e7o:\u00a0<a rel=\"noreferrer noopener\" href=\"http:\/\/www.allaboutcookies.org\/\" target=\"_blank\">http:\/\/www.allaboutcookies.org\/<\/a><\/p>\n","protected":false},"excerpt":{"rendered":"<p>Pol\u00edtica de Cookies O nosso website utiliza cookies.Um cookie \u00e9 um pequeno ficheiro de letras e n\u00fameros que colocamos no seu computador, caso o permita. Estes cookies permitem-nos distingui-lo dos outros Utilizadores do nosso website, o que nos ajuda a fornecer-lhe uma boa experi\u00eancia quando navega no nosso website e tamb\u00e9m nos permite melhorar o [&hellip;]<\/p>\n","protected":false},"author":1,"featured_media":0,"parent":0,"menu_order":0,"comment_status":"closed","ping_status":"closed","template":"","meta":[],"_links":{"self":[{"href":"https:\/\/healthyoriginsbrasil.com.br\/loja\/wp-json\/wp\/v2\/pages\/865"}],"collection":[{"href":"https:\/\/healthyoriginsbrasil.com.br\/loja\/wp-json\/wp\/v2\/pages"}],"about":[{"href":"https:\/\/healthyoriginsbrasil.com.br\/loja\/wp-json\/wp\/v2\/types\/page"}],"author":[{"embeddable":true,"href":"https:\/\/healthyoriginsbrasil.com.br\/loja\/wp-json\/wp\/v2\/users\/1"}],"replies":[{"embeddable":true,"href":"https:\/\/healthyoriginsbrasil.com.br\/loja\/wp-json\/wp\/v2\/comments?post=865"}],"version-history":[{"count":1,"href":"https:\/\/healthyoriginsbrasil.com.br\/loja\/wp-json\/wp\/v2\/pages\/865\/revisions"}],"predecessor-version":[{"id":866,"href":"https:\/\/healthyoriginsbrasil.com.br\/loja\/wp-json\/wp\/v2\/pages\/865\/revisions\/866"}],"wp:attachment":[{"href":"https:\/\/healthyoriginsbrasil.com.br\/loja\/wp-json\/wp\/v2\/media?parent=865"}],"curies":[{"name":"wp","href":"https:\/\/api.w.org\/{rel}","templated":true}]}}